{"id":107,"date":"2024-10-11T11:33:13","date_gmt":"2024-10-11T09:33:13","guid":{"rendered":"http:\/\/batiplatreprovence.com\/?page_id=107"},"modified":"2025-02-26T16:49:09","modified_gmt":"2025-02-26T15:49:09","slug":"le-chantier-du-lot","status":"publish","type":"page","link":"https:\/\/batiplatreprovence.com\/index.php\/le-chantier-du-lot\/","title":{"rendered":"Le chantier du Lot"},"content":{"rendered":"\n<p style=\"font-size:clamp(14px, 0.875rem + ((1vw - 3.2px) * 0.625), 20px);\">Retrouvez un aper\u00e7u du chantier que nous avons r\u00e9alis\u00e9 \u00e0 Brignole, dans le var &#8220;AVANT\/APR\u00c8S&#8221; du chantier<\/p>\n\n\n\n<div class=\"wp-block-group alignfull has-global-padding is-layout-constrained wp-container-core-group-is-layout-b25ccd55 wp-block-group-is-layout-constrained\" style=\"margin-top:0;margin-bottom:0;padding-top:var(--wp--preset--spacing--50);padding-right:var(--wp--preset--spacing--50);padding-bottom:var(--wp--preset--spacing--50);padding-left:var(--wp--preset--spacing--50)\">\n<div class=\"wp-block-columns alignwide is-layout-flex wp-container-core-columns-is-layout-ff4b9c61 wp-block-columns-is-layout-flex\" style=\"margin-top:0;margin-bottom:0\">\n<div class=\"wp-block-column is-layout-flow wp-container-core-column-is-layout-8a368f38 wp-block-column-is-layout-flow\">\n<figure class=\"wp-block-image size-full is-style-rounded is-style-rounded--1\"><img loading=\"lazy\" decoding=\"async\" width=\"1536\" height=\"2048\" src=\"https:\/\/batiplatreprovence.com\/wp-content\/uploads\/2025\/02\/d709838f-104d-4115-8482-654f6ff582d2-2.jpg\" alt=\"\" class=\"wp-image-338\" style=\"aspect-ratio:4\/3;object-fit:cover\" srcset=\"https:\/\/batiplatreprovence.com\/wp-content\/uploads\/2025\/02\/d709838f-104d-4115-8482-654f6ff582d2-2.jpg 1536w, https:\/\/batiplatreprovence.com\/wp-content\/uploads\/2025\/02\/d709838f-104d-4115-8482-654f6ff582d2-2-225x300.jpg 225w, https:\/\/batiplatreprovence.com\/wp-content\/uploads\/2025\/02\/d709838f-104d-4115-8482-654f6ff582d2-2-768x1024.jpg 768w, https:\/\/batiplatreprovence.com\/wp-content\/uploads\/2025\/02\/d709838f-104d-4115-8482-654f6ff582d2-2-1152x1536.jpg 1152w\" sizes=\"auto, (max-width: 1536px) 100vw, 1536px\" \/><\/figure>\n\n\n\n<div style=\"height:104px\" aria-hidden=\"true\" class=\"wp-block-spacer\"><\/div>\n\n\n\n<div class=\"wp-block-media-text is-stacked-on-mobile\" style=\"grid-template-columns:44% auto\"><figure class=\"wp-block-media-text__media\"><img loading=\"lazy\" decoding=\"async\" width=\"768\" height=\"1024\" src=\"https:\/\/batiplatreprovence.com\/wp-content\/uploads\/2025\/02\/0d31cfa7-38f1-4a8b-95cc-e9dc284cc9cb-2-1-768x1024.jpg\" alt=\"\" class=\"wp-image-351 size-full\" srcset=\"https:\/\/batiplatreprovence.com\/wp-content\/uploads\/2025\/02\/0d31cfa7-38f1-4a8b-95cc-e9dc284cc9cb-2-1-768x1024.jpg 768w, https:\/\/batiplatreprovence.com\/wp-content\/uploads\/2025\/02\/0d31cfa7-38f1-4a8b-95cc-e9dc284cc9cb-2-1-225x300.jpg 225w, https:\/\/batiplatreprovence.com\/wp-content\/uploads\/2025\/02\/0d31cfa7-38f1-4a8b-95cc-e9dc284cc9cb-2-1-1152x1536.jpg 1152w, https:\/\/batiplatreprovence.com\/wp-content\/uploads\/2025\/02\/0d31cfa7-38f1-4a8b-95cc-e9dc284cc9cb-2-1.jpg 1536w\" sizes=\"auto, (max-width: 768px) 100vw, 768px\" \/><\/figure><div class=\"wp-block-media-text__content\">\n<div class=\"wp-block-cover is-light\" style=\"min-height:337px;aspect-ratio:unset;\"><span aria-hidden=\"true\" class=\"wp-block-cover__background has-background-dim-0 has-background-dim\" style=\"background-color:#b1a191\"><\/span><img loading=\"lazy\" decoding=\"async\" width=\"1536\" height=\"2048\" class=\"wp-block-cover__image-background wp-image-343\" alt=\"\" src=\"https:\/\/batiplatreprovence.com\/wp-content\/uploads\/2025\/02\/965118b7-21ef-43d6-afa8-8fa6530eda8c-2.jpg\" data-object-fit=\"cover\" srcset=\"https:\/\/batiplatreprovence.com\/wp-content\/uploads\/2025\/02\/965118b7-21ef-43d6-afa8-8fa6530eda8c-2.jpg 1536w, https:\/\/batiplatreprovence.com\/wp-content\/uploads\/2025\/02\/965118b7-21ef-43d6-afa8-8fa6530eda8c-2-225x300.jpg 225w, https:\/\/batiplatreprovence.com\/wp-content\/uploads\/2025\/02\/965118b7-21ef-43d6-afa8-8fa6530eda8c-2-768x1024.jpg 768w, https:\/\/batiplatreprovence.com\/wp-content\/uploads\/2025\/02\/965118b7-21ef-43d6-afa8-8fa6530eda8c-2-1152x1536.jpg 1152w\" sizes=\"auto, (max-width: 1536px) 100vw, 1536px\" \/><div class=\"wp-block-cover__inner-container is-layout-flow wp-block-cover-is-layout-flow\">\n<p class=\"has-text-align-center has-large-font-size\"><\/p>\n<\/div><\/div>\n<\/div><\/div>\n<\/div>\n\n\n\n<div class=\"wp-block-column is-layout-flow wp-container-core-column-is-layout-8a368f38 wp-block-column-is-layout-flow\">\n<div style=\"height:28px\" aria-hidden=\"true\" class=\"wp-block-spacer\"><\/div>\n\n\n\n<figure class=\"wp-block-image size-full is-resized is-style-rounded is-style-rounded--2\"><img loading=\"lazy\" decoding=\"async\" width=\"1536\" height=\"2048\" src=\"https:\/\/batiplatreprovence.com\/wp-content\/uploads\/2025\/02\/da136f72-827e-4d19-a700-ee5b2f051bf6.jpg\" alt=\"\" class=\"wp-image-341\" style=\"object-fit:cover;width:368px;height:auto\" srcset=\"https:\/\/batiplatreprovence.com\/wp-content\/uploads\/2025\/02\/da136f72-827e-4d19-a700-ee5b2f051bf6.jpg 1536w, https:\/\/batiplatreprovence.com\/wp-content\/uploads\/2025\/02\/da136f72-827e-4d19-a700-ee5b2f051bf6-225x300.jpg 225w, https:\/\/batiplatreprovence.com\/wp-content\/uploads\/2025\/02\/da136f72-827e-4d19-a700-ee5b2f051bf6-768x1024.jpg 768w, https:\/\/batiplatreprovence.com\/wp-content\/uploads\/2025\/02\/da136f72-827e-4d19-a700-ee5b2f051bf6-1152x1536.jpg 1152w\" sizes=\"auto, (max-width: 1536px) 100vw, 1536px\" \/><\/figure>\n\n\n\n<div style=\"height:14px\" aria-hidden=\"true\" class=\"wp-block-spacer\"><\/div>\n\n\n\n<div style=\"height:28px\" aria-hidden=\"true\" class=\"wp-block-spacer\"><\/div>\n\n\n\n<div style=\"height:23px\" aria-hidden=\"true\" class=\"wp-block-spacer\"><\/div>\n\n\n\n<div class=\"wp-block-media-text is-stacked-on-mobile\" style=\"border-style:none;border-width:0px;margin-top:0;margin-bottom:0;padding-top:0;padding-right:0;padding-bottom:0;padding-left:0;grid-template-columns:45% auto\"><figure class=\"wp-block-media-text__media\"><img loading=\"lazy\" decoding=\"async\" width=\"768\" height=\"1024\" src=\"https:\/\/batiplatreprovence.com\/wp-content\/uploads\/2025\/02\/WhatsApp-Image-2024-09-18-at-20.56.03-3-768x1024.jpeg\" alt=\"\" class=\"wp-image-344 size-full\" srcset=\"https:\/\/batiplatreprovence.com\/wp-content\/uploads\/2025\/02\/WhatsApp-Image-2024-09-18-at-20.56.03-3-768x1024.jpeg 768w, https:\/\/batiplatreprovence.com\/wp-content\/uploads\/2025\/02\/WhatsApp-Image-2024-09-18-at-20.56.03-3-225x300.jpeg 225w, https:\/\/batiplatreprovence.com\/wp-content\/uploads\/2025\/02\/WhatsApp-Image-2024-09-18-at-20.56.03-3-1152x1536.jpeg 1152w, https:\/\/batiplatreprovence.com\/wp-content\/uploads\/2025\/02\/WhatsApp-Image-2024-09-18-at-20.56.03-3.jpeg 1536w\" sizes=\"auto, (max-width: 768px) 100vw, 768px\" \/><\/figure><div class=\"wp-block-media-text__content\">\n<div class=\"wp-block-cover is-light\" style=\"min-height:335px;aspect-ratio:unset;\"><span aria-hidden=\"true\" class=\"wp-block-cover__background has-background-dim-0 has-background-dim\" style=\"background-color:#96826f\"><\/span><img loading=\"lazy\" decoding=\"async\" width=\"1536\" height=\"2048\" class=\"wp-block-cover__image-background wp-image-345\" alt=\"\" src=\"https:\/\/batiplatreprovence.com\/wp-content\/uploads\/2025\/02\/6558c426-462d-407e-8391-2b14873df8aa-2.jpg\" data-object-fit=\"cover\" srcset=\"https:\/\/batiplatreprovence.com\/wp-content\/uploads\/2025\/02\/6558c426-462d-407e-8391-2b14873df8aa-2.jpg 1536w, https:\/\/batiplatreprovence.com\/wp-content\/uploads\/2025\/02\/6558c426-462d-407e-8391-2b14873df8aa-2-225x300.jpg 225w, https:\/\/batiplatreprovence.com\/wp-content\/uploads\/2025\/02\/6558c426-462d-407e-8391-2b14873df8aa-2-768x1024.jpg 768w, https:\/\/batiplatreprovence.com\/wp-content\/uploads\/2025\/02\/6558c426-462d-407e-8391-2b14873df8aa-2-1152x1536.jpg 1152w\" sizes=\"auto, (max-width: 1536px) 100vw, 1536px\" \/><div class=\"wp-block-cover__inner-container is-layout-flow wp-block-cover-is-layout-flow\">\n<p class=\"has-text-align-center has-large-font-size\"><\/p>\n<\/div><\/div>\n<\/div><\/div>\n<\/div>\n<\/div>\n<\/div>\n\n\n\n<div class=\"wp-block-media-text alignwide is-stacked-on-mobile\" style=\"grid-template-columns:31% auto\"><figure class=\"wp-block-media-text__media\"><img loading=\"lazy\" decoding=\"async\" width=\"768\" height=\"1024\" src=\"https:\/\/batiplatreprovence.com\/wp-content\/uploads\/2025\/02\/bb6b498f-e71a-4747-85f4-127f209c245a-768x1024.jpg\" alt=\"\" class=\"wp-image-346 size-full\" srcset=\"https:\/\/batiplatreprovence.com\/wp-content\/uploads\/2025\/02\/bb6b498f-e71a-4747-85f4-127f209c245a-768x1024.jpg 768w, https:\/\/batiplatreprovence.com\/wp-content\/uploads\/2025\/02\/bb6b498f-e71a-4747-85f4-127f209c245a-225x300.jpg 225w, https:\/\/batiplatreprovence.com\/wp-content\/uploads\/2025\/02\/bb6b498f-e71a-4747-85f4-127f209c245a-1152x1536.jpg 1152w, https:\/\/batiplatreprovence.com\/wp-content\/uploads\/2025\/02\/bb6b498f-e71a-4747-85f4-127f209c245a.jpg 1536w\" sizes=\"auto, (max-width: 768px) 100vw, 768px\" \/><\/figure><div class=\"wp-block-media-text__content\">\n<div class=\"wp-block-media-text is-stacked-on-mobile\" style=\"grid-template-columns:51% auto\"><figure class=\"wp-block-media-text__media\"><img loading=\"lazy\" decoding=\"async\" width=\"768\" height=\"1024\" src=\"https:\/\/batiplatreprovence.com\/wp-content\/uploads\/2025\/02\/WhatsApp-Image-2024-09-18-at-21.02.36-3-768x1024.jpeg\" alt=\"\" class=\"wp-image-347 size-full\" srcset=\"https:\/\/batiplatreprovence.com\/wp-content\/uploads\/2025\/02\/WhatsApp-Image-2024-09-18-at-21.02.36-3-768x1024.jpeg 768w, https:\/\/batiplatreprovence.com\/wp-content\/uploads\/2025\/02\/WhatsApp-Image-2024-09-18-at-21.02.36-3-225x300.jpeg 225w, https:\/\/batiplatreprovence.com\/wp-content\/uploads\/2025\/02\/WhatsApp-Image-2024-09-18-at-21.02.36-3-1152x1536.jpeg 1152w, https:\/\/batiplatreprovence.com\/wp-content\/uploads\/2025\/02\/WhatsApp-Image-2024-09-18-at-21.02.36-3.jpeg 1536w\" sizes=\"auto, (max-width: 768px) 100vw, 768px\" \/><\/figure><div class=\"wp-block-media-text__content\">\n<figure class=\"wp-block-image size-large is-resized\"><img loading=\"lazy\" decoding=\"async\" width=\"768\" height=\"1024\" src=\"https:\/\/batiplatreprovence.com\/wp-content\/uploads\/2025\/02\/2fe2152b-449a-4f7c-9cc1-17bda10841a1-768x1024.jpg\" alt=\"\" class=\"wp-image-348\" style=\"width:326px;height:auto\" srcset=\"https:\/\/batiplatreprovence.com\/wp-content\/uploads\/2025\/02\/2fe2152b-449a-4f7c-9cc1-17bda10841a1-768x1024.jpg 768w, https:\/\/batiplatreprovence.com\/wp-content\/uploads\/2025\/02\/2fe2152b-449a-4f7c-9cc1-17bda10841a1-225x300.jpg 225w, https:\/\/batiplatreprovence.com\/wp-content\/uploads\/2025\/02\/2fe2152b-449a-4f7c-9cc1-17bda10841a1-1152x1536.jpg 1152w, https:\/\/batiplatreprovence.com\/wp-content\/uploads\/2025\/02\/2fe2152b-449a-4f7c-9cc1-17bda10841a1.jpg 1536w\" sizes=\"auto, (max-width: 768px) 100vw, 768px\" \/><\/figure>\n<\/div><\/div>\n<\/div><\/div>\n\n\n\n<div class=\"wp-block-group alignfull has-global-padding is-layout-constrained wp-container-core-group-is-layout-b25ccd55 wp-block-group-is-layout-constrained\" style=\"margin-top:0;margin-bottom:0;padding-top:var(--wp--preset--spacing--50);padding-right:var(--wp--preset--spacing--50);padding-bottom:var(--wp--preset--spacing--50);padding-left:var(--wp--preset--spacing--50)\">\n<div class=\"wp-block-columns alignwide is-layout-flex wp-container-core-columns-is-layout-ff4b9c61 wp-block-columns-is-layout-flex\" style=\"margin-top:0;margin-bottom:0\">\n<div class=\"wp-block-column is-layout-flow wp-container-core-column-is-layout-8a368f38 wp-block-column-is-layout-flow\">\n<div class=\"wp-block-cover is-light\" style=\"border-radius:35px;min-height:382px;aspect-ratio:unset;\"><span aria-hidden=\"true\" class=\"wp-block-cover__background has-background-dim-0 has-background-dim\" style=\"background-color:#96918d\"><\/span><img loading=\"lazy\" decoding=\"async\" width=\"1536\" height=\"2048\" class=\"wp-block-cover__image-background wp-image-122\" alt=\"\" src=\"http:\/\/batiplatreprovence.com\/wp-content\/uploads\/2024\/10\/da136f72-827e-4d19-a700-ee5b2f051bf6-1.jpg\" data-object-fit=\"cover\" srcset=\"https:\/\/batiplatreprovence.com\/wp-content\/uploads\/2024\/10\/da136f72-827e-4d19-a700-ee5b2f051bf6-1.jpg 1536w, https:\/\/batiplatreprovence.com\/wp-content\/uploads\/2024\/10\/da136f72-827e-4d19-a700-ee5b2f051bf6-1-225x300.jpg 225w, https:\/\/batiplatreprovence.com\/wp-content\/uploads\/2024\/10\/da136f72-827e-4d19-a700-ee5b2f051bf6-1-768x1024.jpg 768w, https:\/\/batiplatreprovence.com\/wp-content\/uploads\/2024\/10\/da136f72-827e-4d19-a700-ee5b2f051bf6-1-1152x1536.jpg 1152w\" sizes=\"auto, (max-width: 1536px) 100vw, 1536px\" \/><div class=\"wp-block-cover__inner-container is-layout-flow wp-block-cover-is-layout-flow\">\n<p class=\"has-text-align-center has-large-font-size\"><\/p>\n<\/div><\/div>\n\n\n\n<div style=\"height:65px\" aria-hidden=\"true\" class=\"wp-block-spacer\"><\/div>\n\n\n\n<figure class=\"wp-block-image size-large is-style-rounded is-style-rounded--3\"><img loading=\"lazy\" decoding=\"async\" width=\"768\" height=\"1024\" src=\"http:\/\/batiplatreprovence.com\/wp-content\/uploads\/2024\/10\/615bbcd3-4dce-4a02-a30b-6ac143c7990c-768x1024.jpg\" alt=\"\" class=\"wp-image-129\" style=\"aspect-ratio:3\/4;object-fit:cover\" srcset=\"https:\/\/batiplatreprovence.com\/wp-content\/uploads\/2024\/10\/615bbcd3-4dce-4a02-a30b-6ac143c7990c-768x1024.jpg 768w, https:\/\/batiplatreprovence.com\/wp-content\/uploads\/2024\/10\/615bbcd3-4dce-4a02-a30b-6ac143c7990c-225x300.jpg 225w, https:\/\/batiplatreprovence.com\/wp-content\/uploads\/2024\/10\/615bbcd3-4dce-4a02-a30b-6ac143c7990c-1152x1536.jpg 1152w, https:\/\/batiplatreprovence.com\/wp-content\/uploads\/2024\/10\/615bbcd3-4dce-4a02-a30b-6ac143c7990c.jpg 1536w\" sizes=\"auto, (max-width: 768px) 100vw, 768px\" \/><\/figure>\n\n\n\n<div style=\"height:var(--wp--preset--spacing--50)\" aria-hidden=\"true\" class=\"wp-block-spacer\"><\/div>\n\n\n\n<figure class=\"wp-block-image size-large is-style-rounded is-style-rounded--4\"><img loading=\"lazy\" decoding=\"async\" width=\"768\" height=\"1024\" src=\"http:\/\/batiplatreprovence.com\/wp-content\/uploads\/2024\/10\/4b115ee7-19f2-4ab7-872d-72b0de0e8f01-1-768x1024.jpg\" alt=\"\" class=\"wp-image-127\" style=\"aspect-ratio:3\/4;object-fit:cover\" srcset=\"https:\/\/batiplatreprovence.com\/wp-content\/uploads\/2024\/10\/4b115ee7-19f2-4ab7-872d-72b0de0e8f01-1-768x1024.jpg 768w, https:\/\/batiplatreprovence.com\/wp-content\/uploads\/2024\/10\/4b115ee7-19f2-4ab7-872d-72b0de0e8f01-1-225x300.jpg 225w, https:\/\/batiplatreprovence.com\/wp-content\/uploads\/2024\/10\/4b115ee7-19f2-4ab7-872d-72b0de0e8f01-1-1152x1536.jpg 1152w, https:\/\/batiplatreprovence.com\/wp-content\/uploads\/2024\/10\/4b115ee7-19f2-4ab7-872d-72b0de0e8f01-1.jpg 1536w\" sizes=\"auto, (max-width: 768px) 100vw, 768px\" \/><\/figure>\n<\/div>\n\n\n\n<div class=\"wp-block-column is-layout-flow wp-container-core-column-is-layout-8a368f38 wp-block-column-is-layout-flow\">\n<div style=\"height:29px\" aria-hidden=\"true\" class=\"wp-block-spacer\"><\/div>\n\n\n\n<figure class=\"wp-block-image size-large is-style-rounded is-style-rounded--5\"><img loading=\"lazy\" decoding=\"async\" width=\"768\" height=\"1024\" src=\"http:\/\/batiplatreprovence.com\/wp-content\/uploads\/2024\/10\/5afd93de-9fd2-46c8-9345-b7e0d16f2985-2-768x1024.jpg\" alt=\"\" class=\"wp-image-123\" style=\"aspect-ratio:3\/4;object-fit:cover\" srcset=\"https:\/\/batiplatreprovence.com\/wp-content\/uploads\/2024\/10\/5afd93de-9fd2-46c8-9345-b7e0d16f2985-2-768x1024.jpg 768w, https:\/\/batiplatreprovence.com\/wp-content\/uploads\/2024\/10\/5afd93de-9fd2-46c8-9345-b7e0d16f2985-2-225x300.jpg 225w, https:\/\/batiplatreprovence.com\/wp-content\/uploads\/2024\/10\/5afd93de-9fd2-46c8-9345-b7e0d16f2985-2-1152x1536.jpg 1152w, https:\/\/batiplatreprovence.com\/wp-content\/uploads\/2024\/10\/5afd93de-9fd2-46c8-9345-b7e0d16f2985-2.jpg 1200w\" sizes=\"auto, (max-width: 768px) 100vw, 768px\" \/><\/figure>\n\n\n\n<div style=\"height:var(--wp--preset--spacing--50)\" aria-hidden=\"true\" class=\"wp-block-spacer\"><\/div>\n\n\n\n<figure class=\"wp-block-image size-large is-style-rounded is-style-rounded--6\"><img loading=\"lazy\" decoding=\"async\" width=\"768\" height=\"1024\" src=\"http:\/\/batiplatreprovence.com\/wp-content\/uploads\/2024\/10\/c6bbc78c-3c24-4a3c-bb7c-6e832cb324ca-768x1024.jpg\" alt=\"\" class=\"wp-image-130\" style=\"aspect-ratio:1;object-fit:cover\" srcset=\"https:\/\/batiplatreprovence.com\/wp-content\/uploads\/2024\/10\/c6bbc78c-3c24-4a3c-bb7c-6e832cb324ca-768x1024.jpg 768w, https:\/\/batiplatreprovence.com\/wp-content\/uploads\/2024\/10\/c6bbc78c-3c24-4a3c-bb7c-6e832cb324ca-225x300.jpg 225w, https:\/\/batiplatreprovence.com\/wp-content\/uploads\/2024\/10\/c6bbc78c-3c24-4a3c-bb7c-6e832cb324ca-1152x1536.jpg 1152w, https:\/\/batiplatreprovence.com\/wp-content\/uploads\/2024\/10\/c6bbc78c-3c24-4a3c-bb7c-6e832cb324ca.jpg 1536w\" sizes=\"auto, (max-width: 768px) 100vw, 768px\" \/><\/figure>\n\n\n\n<div style=\"height:160px\" aria-hidden=\"true\" class=\"wp-block-spacer\"><\/div>\n\n\n\n<figure class=\"wp-block-image size-large is-resized is-style-rounded is-style-rounded--7\"><img loading=\"lazy\" decoding=\"async\" width=\"768\" height=\"1024\" src=\"http:\/\/batiplatreprovence.com\/wp-content\/uploads\/2024\/10\/54d124e3-9e67-48c1-81ce-5feb08ca4013-2-768x1024.jpg\" alt=\"\" class=\"wp-image-128\" style=\"aspect-ratio:1;object-fit:cover;width:303px;height:auto\" srcset=\"https:\/\/batiplatreprovence.com\/wp-content\/uploads\/2024\/10\/54d124e3-9e67-48c1-81ce-5feb08ca4013-2-768x1024.jpg 768w, https:\/\/batiplatreprovence.com\/wp-content\/uploads\/2024\/10\/54d124e3-9e67-48c1-81ce-5feb08ca4013-2-225x300.jpg 225w, https:\/\/batiplatreprovence.com\/wp-content\/uploads\/2024\/10\/54d124e3-9e67-48c1-81ce-5feb08ca4013-2-1152x1536.jpg 1152w, https:\/\/batiplatreprovence.com\/wp-content\/uploads\/2024\/10\/54d124e3-9e67-48c1-81ce-5feb08ca4013-2.jpg 1536w\" sizes=\"auto, (max-width: 768px) 100vw, 768px\" \/><\/figure>\n<\/div>\n\n\n\n<div class=\"wp-block-column is-layout-flow wp-container-core-column-is-layout-8a368f38 wp-block-column-is-layout-flow\">\n<figure class=\"wp-block-image size-large is-style-rounded is-style-rounded--8\"><img loading=\"lazy\" decoding=\"async\" width=\"768\" height=\"1024\" src=\"http:\/\/batiplatreprovence.com\/wp-content\/uploads\/2024\/10\/282d324f-f05f-4c96-98bd-350b346e3b45-768x1024.jpg\" alt=\"\" class=\"wp-image-124\" style=\"aspect-ratio:3\/4;object-fit:cover\" srcset=\"https:\/\/batiplatreprovence.com\/wp-content\/uploads\/2024\/10\/282d324f-f05f-4c96-98bd-350b346e3b45-768x1024.jpg 768w, https:\/\/batiplatreprovence.com\/wp-content\/uploads\/2024\/10\/282d324f-f05f-4c96-98bd-350b346e3b45-225x300.jpg 225w, https:\/\/batiplatreprovence.com\/wp-content\/uploads\/2024\/10\/282d324f-f05f-4c96-98bd-350b346e3b45-1152x1536.jpg 1152w, https:\/\/batiplatreprovence.com\/wp-content\/uploads\/2024\/10\/282d324f-f05f-4c96-98bd-350b346e3b45.jpg 1536w\" sizes=\"auto, (max-width: 768px) 100vw, 768px\" \/><\/figure>\n\n\n\n<div style=\"height:var(--wp--preset--spacing--50)\" aria-hidden=\"true\" class=\"wp-block-spacer\"><\/div>\n\n\n\n<figure class=\"wp-block-image size-large is-style-rounded is-style-rounded--9\"><img loading=\"lazy\" decoding=\"async\" width=\"768\" height=\"1024\" src=\"http:\/\/batiplatreprovence.com\/wp-content\/uploads\/2024\/10\/cd3cd64c-8250-4e22-8214-182540f47b41-2-768x1024.jpg\" alt=\"\" class=\"wp-image-131\" style=\"aspect-ratio:3\/4;object-fit:cover\" srcset=\"https:\/\/batiplatreprovence.com\/wp-content\/uploads\/2024\/10\/cd3cd64c-8250-4e22-8214-182540f47b41-2-768x1024.jpg 768w, https:\/\/batiplatreprovence.com\/wp-content\/uploads\/2024\/10\/cd3cd64c-8250-4e22-8214-182540f47b41-2-225x300.jpg 225w, https:\/\/batiplatreprovence.com\/wp-content\/uploads\/2024\/10\/cd3cd64c-8250-4e22-8214-182540f47b41-2-1152x1536.jpg 1152w, https:\/\/batiplatreprovence.com\/wp-content\/uploads\/2024\/10\/cd3cd64c-8250-4e22-8214-182540f47b41-2.jpg 1536w\" sizes=\"auto, (max-width: 768px) 100vw, 768px\" \/><\/figure>\n\n\n\n<div style=\"height:var(--wp--preset--spacing--50)\" aria-hidden=\"true\" class=\"wp-block-spacer\"><\/div>\n\n\n\n<div class=\"wp-block-cover is-light\" style=\"border-radius:18px;min-height:367px;aspect-ratio:unset;\"><span aria-hidden=\"true\" class=\"wp-block-cover__background has-background-dim-0 has-background-dim\"><\/span><img loading=\"lazy\" decoding=\"async\" width=\"768\" height=\"1024\" class=\"wp-block-cover__image-background wp-image-134\" alt=\"\" src=\"http:\/\/batiplatreprovence.com\/wp-content\/uploads\/2024\/10\/965118b7-21ef-43d6-afa8-8fa6530eda8c-2-768x1024.jpg\" style=\"object-position:42% 62%\" data-object-fit=\"cover\" data-object-position=\"42% 62%\" srcset=\"https:\/\/batiplatreprovence.com\/wp-content\/uploads\/2024\/10\/965118b7-21ef-43d6-afa8-8fa6530eda8c-2-768x1024.jpg 768w, https:\/\/batiplatreprovence.com\/wp-content\/uploads\/2024\/10\/965118b7-21ef-43d6-afa8-8fa6530eda8c-2-225x300.jpg 225w, https:\/\/batiplatreprovence.com\/wp-content\/uploads\/2024\/10\/965118b7-21ef-43d6-afa8-8fa6530eda8c-2-1152x1536.jpg 1152w, https:\/\/batiplatreprovence.com\/wp-content\/uploads\/2024\/10\/965118b7-21ef-43d6-afa8-8fa6530eda8c-2.jpg 1536w\" sizes=\"auto, (max-width: 768px) 100vw, 768px\" \/><div class=\"wp-block-cover__inner-container is-layout-flow wp-block-cover-is-layout-flow\">\n<p class=\"has-text-align-center has-large-font-size\"><\/p>\n<\/div><\/div>\n<\/div>\n\n\n\n<div class=\"wp-block-column is-layout-flow wp-container-core-column-is-layout-8a368f38 wp-block-column-is-layout-flow\">\n<div style=\"height:18px\" aria-hidden=\"true\" class=\"wp-block-spacer\"><\/div>\n\n\n\n<figure class=\"wp-block-image size-large is-style-rounded is-style-rounded--10\"><img loading=\"lazy\" decoding=\"async\" width=\"768\" height=\"1024\" src=\"http:\/\/batiplatreprovence.com\/wp-content\/uploads\/2024\/10\/00b746b4-6870-4986-9a02-e0265a8cd77c-2-768x1024.jpg\" alt=\"\" class=\"wp-image-125\" style=\"aspect-ratio:1;object-fit:cover\" srcset=\"https:\/\/batiplatreprovence.com\/wp-content\/uploads\/2024\/10\/00b746b4-6870-4986-9a02-e0265a8cd77c-2-768x1024.jpg 768w, https:\/\/batiplatreprovence.com\/wp-content\/uploads\/2024\/10\/00b746b4-6870-4986-9a02-e0265a8cd77c-2-225x300.jpg 225w, https:\/\/batiplatreprovence.com\/wp-content\/uploads\/2024\/10\/00b746b4-6870-4986-9a02-e0265a8cd77c-2-1152x1536.jpg 1152w, https:\/\/batiplatreprovence.com\/wp-content\/uploads\/2024\/10\/00b746b4-6870-4986-9a02-e0265a8cd77c-2.jpg 1536w\" sizes=\"auto, (max-width: 768px) 100vw, 768px\" \/><\/figure>\n\n\n\n<div style=\"height:152px\" aria-hidden=\"true\" class=\"wp-block-spacer\"><\/div>\n\n\n\n<div class=\"wp-block-cover is-light\" style=\"border-radius:19px;min-height:355px;aspect-ratio:unset;\"><span aria-hidden=\"true\" class=\"wp-block-cover__background has-background-dim-0 has-background-dim\"><\/span><img loading=\"lazy\" decoding=\"async\" width=\"768\" height=\"1024\" class=\"wp-block-cover__image-background wp-image-133\" alt=\"\" src=\"http:\/\/batiplatreprovence.com\/wp-content\/uploads\/2024\/10\/2cdb9cc8-7cba-4cbb-979e-eb359be0095c-2-768x1024.jpg\" style=\"object-position:49% 90%\" data-object-fit=\"cover\" data-object-position=\"49% 90%\" srcset=\"https:\/\/batiplatreprovence.com\/wp-content\/uploads\/2024\/10\/2cdb9cc8-7cba-4cbb-979e-eb359be0095c-2-768x1024.jpg 768w, https:\/\/batiplatreprovence.com\/wp-content\/uploads\/2024\/10\/2cdb9cc8-7cba-4cbb-979e-eb359be0095c-2-225x300.jpg 225w, https:\/\/batiplatreprovence.com\/wp-content\/uploads\/2024\/10\/2cdb9cc8-7cba-4cbb-979e-eb359be0095c-2-1152x1536.jpg 1152w, https:\/\/batiplatreprovence.com\/wp-content\/uploads\/2024\/10\/2cdb9cc8-7cba-4cbb-979e-eb359be0095c-2.jpg 1200w\" sizes=\"auto, (max-width: 768px) 100vw, 768px\" \/><div class=\"wp-block-cover__inner-container is-layout-flow wp-block-cover-is-layout-flow\">\n<p class=\"has-text-align-center has-large-font-size\"><\/p>\n<\/div><\/div>\n\n\n\n<div style=\"height:148px\" aria-hidden=\"true\" class=\"wp-block-spacer\"><\/div>\n\n\n\n<div class=\"wp-block-cover is-light\" style=\"border-radius:15px;min-height:417px;aspect-ratio:unset;\"><span aria-hidden=\"true\" class=\"wp-block-cover__background has-background-dim-0 has-background-dim\"><\/span><img loading=\"lazy\" decoding=\"async\" width=\"768\" height=\"1024\" class=\"wp-block-cover__image-background wp-image-135\" alt=\"\" src=\"http:\/\/batiplatreprovence.com\/wp-content\/uploads\/2024\/10\/cc8cdbcc-2698-40c6-b57f-c5564c3df412-2-768x1024.jpg\" data-object-fit=\"cover\" srcset=\"https:\/\/batiplatreprovence.com\/wp-content\/uploads\/2024\/10\/cc8cdbcc-2698-40c6-b57f-c5564c3df412-2-768x1024.jpg 768w, https:\/\/batiplatreprovence.com\/wp-content\/uploads\/2024\/10\/cc8cdbcc-2698-40c6-b57f-c5564c3df412-2-225x300.jpg 225w, https:\/\/batiplatreprovence.com\/wp-content\/uploads\/2024\/10\/cc8cdbcc-2698-40c6-b57f-c5564c3df412-2-1152x1536.jpg 1152w, https:\/\/batiplatreprovence.com\/wp-content\/uploads\/2024\/10\/cc8cdbcc-2698-40c6-b57f-c5564c3df412-2.jpg 1200w\" sizes=\"auto, (max-width: 768px) 100vw, 768px\" \/><div class=\"wp-block-cover__inner-container is-layout-flow wp-block-cover-is-layout-flow\">\n<p class=\"has-text-align-center has-large-font-size\"><\/p>\n<\/div><\/div>\n<\/div>\n<\/div>\n\n\n\n<p><\/p>\n<\/div>\n","protected":false},"excerpt":{"rendered":"<p>Retrouvez un aper\u00e7u du chantier que nous avons r\u00e9alis\u00e9 \u00e0 Brignole, dans le var &#8220;AVANT\/APR\u00c8S&#8221; du chantier<\/p>\n","protected":false},"author":2,"featured_media":0,"parent":0,"menu_order":0,"comment_status":"closed","ping_status":"closed","template":"","meta":{"om_disable_all_campaigns":false,"_monsterinsights_skip_tracking":false,"_monsterinsights_sitenote_active":false,"_monsterinsights_sitenote_note":"","_monsterinsights_sitenote_category":0,"_uf_show_specific_survey":0,"_uf_disable_surveys":false,"footnotes":""},"class_list":["post-107","page","type-page","status-publish","hentry"],"aioseo_notices":[],"_links":{"self":[{"href":"https:\/\/batiplatreprovence.com\/index.php\/wp-json\/wp\/v2\/pages\/107","targetHints":{"allow":["GET"]}}],"collection":[{"href":"https:\/\/batiplatreprovence.com\/index.php\/wp-json\/wp\/v2\/pages"}],"about":[{"href":"https:\/\/batiplatreprovence.com\/index.php\/wp-json\/wp\/v2\/types\/page"}],"author":[{"embeddable":true,"href":"https:\/\/batiplatreprovence.com\/index.php\/wp-json\/wp\/v2\/users\/2"}],"replies":[{"embeddable":true,"href":"https:\/\/batiplatreprovence.com\/index.php\/wp-json\/wp\/v2\/comments?post=107"}],"version-history":[{"count":17,"href":"https:\/\/batiplatreprovence.com\/index.php\/wp-json\/wp\/v2\/pages\/107\/revisions"}],"predecessor-version":[{"id":360,"href":"https:\/\/batiplatreprovence.com\/index.php\/wp-json\/wp\/v2\/pages\/107\/revisions\/360"}],"wp:attachment":[{"href":"https:\/\/batiplatreprovence.com\/index.php\/wp-json\/wp\/v2\/media?parent=107"}],"curies":[{"name":"wp","href":"https:\/\/api.w.org\/{rel}","templated":true}]}}