{"id":163,"date":"2025-01-15T12:08:59","date_gmt":"2025-01-15T11:08:59","guid":{"rendered":"https:\/\/batiplatreprovence.com\/?page_id=163"},"modified":"2025-02-26T17:22:41","modified_gmt":"2025-02-26T16:22:41","slug":"chantier-realise-nimes","status":"publish","type":"page","link":"https:\/\/batiplatreprovence.com\/index.php\/chantier-realise-nimes\/","title":{"rendered":"Chantier r\u00e9alis\u00e9 \u00e0 N\u00eemes"},"content":{"rendered":"\n<p style=\"font-size:clamp(14px, 0.875rem + ((1vw - 3.2px) * 0.625), 20px);\">Retrouvez un aper\u00e7u du chantier que nous avons r\u00e9alis\u00e9 \u00e0 Carjac &#8220;AVANT\/APR\u00c8S&#8221; du chantier<\/p>\n\n\n\n<div class=\"wp-block-group alignfull has-global-padding is-layout-constrained wp-container-core-group-is-layout-b25ccd55 wp-block-group-is-layout-constrained\" style=\"margin-top:0;margin-bottom:0;padding-top:var(--wp--preset--spacing--50);padding-right:var(--wp--preset--spacing--50);padding-bottom:var(--wp--preset--spacing--50);padding-left:var(--wp--preset--spacing--50)\">\n<div class=\"wp-block-columns alignwide is-layout-flex wp-container-core-columns-is-layout-ff4b9c61 wp-block-columns-is-layout-flex\" style=\"margin-top:0;margin-bottom:0\">\n<div class=\"wp-block-column is-layout-flow wp-container-core-column-is-layout-8a368f38 wp-block-column-is-layout-flow\">\n<figure class=\"wp-block-image size-large is-style-rounded is-style-rounded--1\"><img loading=\"lazy\" decoding=\"async\" width=\"1024\" height=\"768\" src=\"http:\/\/batiplatreprovence.com\/wp-content\/uploads\/2025\/01\/1672902441617-1024x768.jpg\" alt=\"\" class=\"wp-image-172\" style=\"aspect-ratio:4\/3;object-fit:cover\" srcset=\"https:\/\/batiplatreprovence.com\/wp-content\/uploads\/2025\/01\/1672902441617-1024x768.jpg 1024w, https:\/\/batiplatreprovence.com\/wp-content\/uploads\/2025\/01\/1672902441617-300x225.jpg 300w, https:\/\/batiplatreprovence.com\/wp-content\/uploads\/2025\/01\/1672902441617-768x576.jpg 768w, https:\/\/batiplatreprovence.com\/wp-content\/uploads\/2025\/01\/1672902441617.jpg 1478w\" sizes=\"auto, (max-width: 1024px) 100vw, 1024px\" \/><\/figure>\n\n\n\n<div style=\"height:var(--wp--preset--spacing--50)\" aria-hidden=\"true\" class=\"wp-block-spacer\"><\/div>\n\n\n\n<div class=\"wp-block-media-text is-stacked-on-mobile\"><figure class=\"wp-block-media-text__media\"><img loading=\"lazy\" decoding=\"async\" width=\"768\" height=\"1024\" src=\"http:\/\/batiplatreprovence.com\/wp-content\/uploads\/2025\/01\/1672902441616-768x1024.jpg\" alt=\"\" class=\"wp-image-174 size-full\" srcset=\"https:\/\/batiplatreprovence.com\/wp-content\/uploads\/2025\/01\/1672902441616-768x1024.jpg 768w, https:\/\/batiplatreprovence.com\/wp-content\/uploads\/2025\/01\/1672902441616-225x300.jpg 225w, https:\/\/batiplatreprovence.com\/wp-content\/uploads\/2025\/01\/1672902441616.jpg 1108w\" sizes=\"auto, (max-width: 768px) 100vw, 768px\" \/><\/figure><div class=\"wp-block-media-text__content\">\n<figure class=\"wp-block-image size-large is-resized\"><img loading=\"lazy\" decoding=\"async\" width=\"768\" height=\"1024\" src=\"http:\/\/batiplatreprovence.com\/wp-content\/uploads\/2025\/01\/1672902430088-768x1024.jpg\" alt=\"\" class=\"wp-image-176\" style=\"width:292px;height:auto\" srcset=\"https:\/\/batiplatreprovence.com\/wp-content\/uploads\/2025\/01\/1672902430088-768x1024.jpg 768w, https:\/\/batiplatreprovence.com\/wp-content\/uploads\/2025\/01\/1672902430088-225x300.jpg 225w, https:\/\/batiplatreprovence.com\/wp-content\/uploads\/2025\/01\/1672902430088.jpg 1108w\" sizes=\"auto, (max-width: 768px) 100vw, 768px\" \/><\/figure>\n<\/div><\/div>\n<\/div>\n\n\n\n<div class=\"wp-block-column is-layout-flow wp-container-core-column-is-layout-8a368f38 wp-block-column-is-layout-flow\">\n<div style=\"height:28px\" aria-hidden=\"true\" class=\"wp-block-spacer\"><\/div>\n\n\n\n<figure class=\"wp-block-image size-large is-resized is-style-rounded is-style-rounded--2\"><img loading=\"lazy\" decoding=\"async\" width=\"1024\" height=\"768\" src=\"http:\/\/batiplatreprovence.com\/wp-content\/uploads\/2025\/01\/1672902440921-1024x768.jpg\" alt=\"\" class=\"wp-image-173\" style=\"object-fit:cover;width:557px;height:auto\" srcset=\"https:\/\/batiplatreprovence.com\/wp-content\/uploads\/2025\/01\/1672902440921-1024x768.jpg 1024w, https:\/\/batiplatreprovence.com\/wp-content\/uploads\/2025\/01\/1672902440921-300x225.jpg 300w, https:\/\/batiplatreprovence.com\/wp-content\/uploads\/2025\/01\/1672902440921-768x576.jpg 768w, https:\/\/batiplatreprovence.com\/wp-content\/uploads\/2025\/01\/1672902440921.jpg 1478w\" sizes=\"auto, (max-width: 1024px) 100vw, 1024px\" \/><\/figure>\n\n\n\n<div style=\"height:105px\" aria-hidden=\"true\" class=\"wp-block-spacer\"><\/div>\n\n\n\n<div class=\"wp-block-media-text is-stacked-on-mobile\" style=\"grid-template-columns:51% auto\"><figure class=\"wp-block-media-text__media\"><img loading=\"lazy\" decoding=\"async\" width=\"481\" height=\"640\" src=\"http:\/\/batiplatreprovence.com\/wp-content\/uploads\/2025\/02\/7-1.jpg\" alt=\"\" class=\"wp-image-312 size-full\" srcset=\"https:\/\/batiplatreprovence.com\/wp-content\/uploads\/2025\/02\/7-1.jpg 481w, https:\/\/batiplatreprovence.com\/wp-content\/uploads\/2025\/02\/7-1-225x300.jpg 225w\" sizes=\"auto, (max-width: 481px) 100vw, 481px\" \/><\/figure><div class=\"wp-block-media-text__content\">\n<figure class=\"wp-block-image size-full is-resized\"><img loading=\"lazy\" decoding=\"async\" width=\"480\" height=\"640\" src=\"https:\/\/batiplatreprovence.com\/wp-content\/uploads\/2025\/02\/28-3-rotated.jpg\" alt=\"\" class=\"wp-image-315\" style=\"width:288px;height:auto\" srcset=\"https:\/\/batiplatreprovence.com\/wp-content\/uploads\/2025\/02\/28-3-rotated.jpg 480w, https:\/\/batiplatreprovence.com\/wp-content\/uploads\/2025\/02\/28-3-225x300.jpg 225w\" sizes=\"auto, (max-width: 480px) 100vw, 480px\" \/><\/figure>\n<\/div><\/div>\n<\/div>\n<\/div>\n<\/div>\n\n\n\n<div class=\"wp-block-media-text alignwide is-stacked-on-mobile\" style=\"grid-template-columns:30% auto\"><figure class=\"wp-block-media-text__media\"><img loading=\"lazy\" decoding=\"async\" width=\"768\" height=\"1024\" src=\"https:\/\/batiplatreprovence.com\/wp-content\/uploads\/2025\/02\/IMG_9355-768x1024.jpeg\" alt=\"\" class=\"wp-image-300 size-full\" srcset=\"https:\/\/batiplatreprovence.com\/wp-content\/uploads\/2025\/02\/IMG_9355-768x1024.jpeg 768w, https:\/\/batiplatreprovence.com\/wp-content\/uploads\/2025\/02\/IMG_9355-225x300.jpeg 225w, https:\/\/batiplatreprovence.com\/wp-content\/uploads\/2025\/02\/IMG_9355-1152x1536.jpeg 1152w, https:\/\/batiplatreprovence.com\/wp-content\/uploads\/2025\/02\/IMG_9355-1536x2048.jpeg 1536w, https:\/\/batiplatreprovence.com\/wp-content\/uploads\/2025\/02\/IMG_9355-scaled.jpeg 1920w\" sizes=\"auto, (max-width: 768px) 100vw, 768px\" \/><\/figure><div class=\"wp-block-media-text__content\">\n<div class=\"wp-block-media-text is-stacked-on-mobile\" style=\"grid-template-columns:51% auto\"><figure class=\"wp-block-media-text__media\"><img loading=\"lazy\" decoding=\"async\" width=\"768\" height=\"1024\" src=\"https:\/\/batiplatreprovence.com\/wp-content\/uploads\/2025\/02\/IMG_9383-768x1024.jpeg\" alt=\"\" class=\"wp-image-301 size-full\" srcset=\"https:\/\/batiplatreprovence.com\/wp-content\/uploads\/2025\/02\/IMG_9383-768x1024.jpeg 768w, https:\/\/batiplatreprovence.com\/wp-content\/uploads\/2025\/02\/IMG_9383-225x300.jpeg 225w, https:\/\/batiplatreprovence.com\/wp-content\/uploads\/2025\/02\/IMG_9383-1152x1536.jpeg 1152w, https:\/\/batiplatreprovence.com\/wp-content\/uploads\/2025\/02\/IMG_9383-1536x2048.jpeg 1536w, https:\/\/batiplatreprovence.com\/wp-content\/uploads\/2025\/02\/IMG_9383-scaled.jpeg 1920w\" sizes=\"auto, (max-width: 768px) 100vw, 768px\" \/><\/figure><div class=\"wp-block-media-text__content\">\n<figure class=\"wp-block-image size-large is-resized\"><img loading=\"lazy\" decoding=\"async\" width=\"768\" height=\"1024\" src=\"https:\/\/batiplatreprovence.com\/wp-content\/uploads\/2025\/02\/IMG_9385-1-768x1024.jpeg\" alt=\"\" class=\"wp-image-305\" style=\"width:357px;height:auto\" srcset=\"https:\/\/batiplatreprovence.com\/wp-content\/uploads\/2025\/02\/IMG_9385-1-768x1024.jpeg 768w, https:\/\/batiplatreprovence.com\/wp-content\/uploads\/2025\/02\/IMG_9385-1-225x300.jpeg 225w, https:\/\/batiplatreprovence.com\/wp-content\/uploads\/2025\/02\/IMG_9385-1-1152x1536.jpeg 1152w, https:\/\/batiplatreprovence.com\/wp-content\/uploads\/2025\/02\/IMG_9385-1-1536x2048.jpeg 1536w, https:\/\/batiplatreprovence.com\/wp-content\/uploads\/2025\/02\/IMG_9385-1-scaled.jpeg 1920w\" sizes=\"auto, (max-width: 768px) 100vw, 768px\" \/><\/figure>\n<\/div><\/div>\n<\/div><\/div>\n\n\n\n<div class=\"wp-block-columns alignwide is-layout-flex wp-container-core-columns-is-layout-28f84493 wp-block-columns-is-layout-flex\">\n<div class=\"wp-block-column is-layout-flow wp-block-column-is-layout-flow\">\n<figure class=\"wp-block-image size-large\"><img loading=\"lazy\" decoding=\"async\" width=\"768\" height=\"1024\" src=\"https:\/\/batiplatreprovence.com\/wp-content\/uploads\/2025\/01\/1678222372357-2-768x1024.jpg\" alt=\"\" class=\"wp-image-185\" srcset=\"https:\/\/batiplatreprovence.com\/wp-content\/uploads\/2025\/01\/1678222372357-2-768x1024.jpg 768w, https:\/\/batiplatreprovence.com\/wp-content\/uploads\/2025\/01\/1678222372357-2-225x300.jpg 225w, https:\/\/batiplatreprovence.com\/wp-content\/uploads\/2025\/01\/1678222372357-2.jpg 1108w\" sizes=\"auto, (max-width: 768px) 100vw, 768px\" \/><\/figure>\n<\/div>\n\n\n\n<div class=\"wp-block-column is-layout-flow wp-block-column-is-layout-flow\">\n<figure class=\"wp-block-image size-large\"><img loading=\"lazy\" decoding=\"async\" width=\"768\" height=\"1024\" src=\"https:\/\/batiplatreprovence.com\/wp-content\/uploads\/2025\/01\/1678222372598-768x1024.jpg\" alt=\"\" class=\"wp-image-186\" srcset=\"https:\/\/batiplatreprovence.com\/wp-content\/uploads\/2025\/01\/1678222372598-768x1024.jpg 768w, https:\/\/batiplatreprovence.com\/wp-content\/uploads\/2025\/01\/1678222372598-225x300.jpg 225w, https:\/\/batiplatreprovence.com\/wp-content\/uploads\/2025\/01\/1678222372598.jpg 1108w\" sizes=\"auto, (max-width: 768px) 100vw, 768px\" \/><\/figure>\n<\/div>\n\n\n\n<div class=\"wp-block-column is-layout-flow wp-block-column-is-layout-flow\">\n<figure class=\"wp-block-image size-large\"><img loading=\"lazy\" decoding=\"async\" width=\"768\" height=\"1024\" src=\"https:\/\/batiplatreprovence.com\/wp-content\/uploads\/2025\/01\/1678222372826-768x1024.jpg\" alt=\"\" class=\"wp-image-187\" srcset=\"https:\/\/batiplatreprovence.com\/wp-content\/uploads\/2025\/01\/1678222372826-768x1024.jpg 768w, https:\/\/batiplatreprovence.com\/wp-content\/uploads\/2025\/01\/1678222372826-225x300.jpg 225w, https:\/\/batiplatreprovence.com\/wp-content\/uploads\/2025\/01\/1678222372826.jpg 1108w\" sizes=\"auto, (max-width: 768px) 100vw, 768px\" \/><\/figure>\n<\/div>\n<\/div>\n\n\n\n<p><\/p>\n","protected":false},"excerpt":{"rendered":"<p>Retrouvez un aper\u00e7u du chantier que nous avons r\u00e9alis\u00e9 \u00e0 Carjac &#8220;AVANT\/APR\u00c8S&#8221; du chantier<\/p>\n","protected":false},"author":2,"featured_media":0,"parent":0,"menu_order":0,"comment_status":"closed","ping_status":"closed","template":"","meta":{"om_disable_all_campaigns":false,"_monsterinsights_skip_tracking":false,"_monsterinsights_sitenote_active":false,"_monsterinsights_sitenote_note":"","_monsterinsights_sitenote_category":0,"_uf_show_specific_survey":0,"_uf_disable_surveys":false,"footnotes":""},"class_list":["post-163","page","type-page","status-publish","hentry"],"aioseo_notices":[],"_links":{"self":[{"href":"https:\/\/batiplatreprovence.com\/index.php\/wp-json\/wp\/v2\/pages\/163","targetHints":{"allow":["GET"]}}],"collection":[{"href":"https:\/\/batiplatreprovence.com\/index.php\/wp-json\/wp\/v2\/pages"}],"about":[{"href":"https:\/\/batiplatreprovence.com\/index.php\/wp-json\/wp\/v2\/types\/page"}],"author":[{"embeddable":true,"href":"https:\/\/batiplatreprovence.com\/index.php\/wp-json\/wp\/v2\/users\/2"}],"replies":[{"embeddable":true,"href":"https:\/\/batiplatreprovence.com\/index.php\/wp-json\/wp\/v2\/comments?post=163"}],"version-history":[{"count":13,"href":"https:\/\/batiplatreprovence.com\/index.php\/wp-json\/wp\/v2\/pages\/163\/revisions"}],"predecessor-version":[{"id":407,"href":"https:\/\/batiplatreprovence.com\/index.php\/wp-json\/wp\/v2\/pages\/163\/revisions\/407"}],"wp:attachment":[{"href":"https:\/\/batiplatreprovence.com\/index.php\/wp-json\/wp\/v2\/media?parent=163"}],"curies":[{"name":"wp","href":"https:\/\/api.w.org\/{rel}","templated":true}]}}