{"id":283,"date":"2025-02-26T10:48:05","date_gmt":"2025-02-26T09:48:05","guid":{"rendered":"https:\/\/batiplatreprovence.com\/?page_id=283"},"modified":"2025-02-26T10:48:29","modified_gmt":"2025-02-26T09:48:29","slug":"chantier-de-carjac","status":"publish","type":"page","link":"https:\/\/batiplatreprovence.com\/index.php\/chantier-de-carjac\/","title":{"rendered":"Chantier r\u00e9alis\u00e9 \u00e0 Carjac"},"content":{"rendered":"\n<p>Retrouvez un aper\u00e7u du chantier que nous avons r\u00e9alis\u00e9 \u00e0 Carjac<\/p>\n\n\n\n<div class=\"wp-block-group alignfull has-global-padding is-layout-constrained wp-container-core-group-is-layout-b25ccd55 wp-block-group-is-layout-constrained\" style=\"margin-top:0;margin-bottom:0;padding-top:var(--wp--preset--spacing--50);padding-right:var(--wp--preset--spacing--50);padding-bottom:var(--wp--preset--spacing--50);padding-left:var(--wp--preset--spacing--50)\">\n<div class=\"wp-block-columns alignwide is-layout-flex wp-container-core-columns-is-layout-ff4b9c61 wp-block-columns-is-layout-flex\" style=\"margin-top:0;margin-bottom:0\">\n<div class=\"wp-block-column is-layout-flow wp-container-core-column-is-layout-8a368f38 wp-block-column-is-layout-flow\">\n<figure class=\"wp-block-image size-large is-style-rounded is-style-rounded--1\"><img loading=\"lazy\" decoding=\"async\" width=\"768\" height=\"1024\" src=\"https:\/\/batiplatreprovence.com\/wp-content\/uploads\/2025\/02\/IMG_9356-768x1024.jpeg\" alt=\"\" class=\"wp-image-297\" style=\"aspect-ratio:4\/3;object-fit:cover\" srcset=\"https:\/\/batiplatreprovence.com\/wp-content\/uploads\/2025\/02\/IMG_9356-768x1024.jpeg 768w, https:\/\/batiplatreprovence.com\/wp-content\/uploads\/2025\/02\/IMG_9356-225x300.jpeg 225w, https:\/\/batiplatreprovence.com\/wp-content\/uploads\/2025\/02\/IMG_9356-1152x1536.jpeg 1152w, https:\/\/batiplatreprovence.com\/wp-content\/uploads\/2025\/02\/IMG_9356-1536x2048.jpeg 1536w, https:\/\/batiplatreprovence.com\/wp-content\/uploads\/2025\/02\/IMG_9356-scaled.jpeg 1920w\" sizes=\"auto, (max-width: 768px) 100vw, 768px\" \/><\/figure>\n\n\n\n<div style=\"height:var(--wp--preset--spacing--50)\" aria-hidden=\"true\" class=\"wp-block-spacer\"><\/div>\n\n\n\n<div class=\"wp-block-media-text is-stacked-on-mobile\"><figure class=\"wp-block-media-text__media\"><img loading=\"lazy\" decoding=\"async\" width=\"768\" height=\"1024\" src=\"https:\/\/batiplatreprovence.com\/wp-content\/uploads\/2025\/02\/IMG_9409-768x1024.jpeg\" alt=\"\" class=\"wp-image-288 size-full\" srcset=\"https:\/\/batiplatreprovence.com\/wp-content\/uploads\/2025\/02\/IMG_9409-768x1024.jpeg 768w, https:\/\/batiplatreprovence.com\/wp-content\/uploads\/2025\/02\/IMG_9409-225x300.jpeg 225w, https:\/\/batiplatreprovence.com\/wp-content\/uploads\/2025\/02\/IMG_9409-1152x1536.jpeg 1152w, https:\/\/batiplatreprovence.com\/wp-content\/uploads\/2025\/02\/IMG_9409-1536x2048.jpeg 1536w, https:\/\/batiplatreprovence.com\/wp-content\/uploads\/2025\/02\/IMG_9409-scaled.jpeg 1920w\" sizes=\"auto, (max-width: 768px) 100vw, 768px\" \/><\/figure><div class=\"wp-block-media-text__content\">\n<figure class=\"wp-block-image size-large is-resized\"><img loading=\"lazy\" decoding=\"async\" width=\"768\" height=\"1024\" src=\"https:\/\/batiplatreprovence.com\/wp-content\/uploads\/2025\/02\/IMG_9470-768x1024.jpeg\" alt=\"\" class=\"wp-image-291\" style=\"width:279px;height:auto\" srcset=\"https:\/\/batiplatreprovence.com\/wp-content\/uploads\/2025\/02\/IMG_9470-768x1024.jpeg 768w, https:\/\/batiplatreprovence.com\/wp-content\/uploads\/2025\/02\/IMG_9470-225x300.jpeg 225w, https:\/\/batiplatreprovence.com\/wp-content\/uploads\/2025\/02\/IMG_9470-1152x1536.jpeg 1152w, https:\/\/batiplatreprovence.com\/wp-content\/uploads\/2025\/02\/IMG_9470-1536x2048.jpeg 1536w, https:\/\/batiplatreprovence.com\/wp-content\/uploads\/2025\/02\/IMG_9470-scaled.jpeg 1920w\" sizes=\"auto, (max-width: 768px) 100vw, 768px\" \/><\/figure>\n<\/div><\/div>\n<\/div>\n\n\n\n<div class=\"wp-block-column is-layout-flow wp-container-core-column-is-layout-8a368f38 wp-block-column-is-layout-flow\">\n<div style=\"height:28px\" aria-hidden=\"true\" class=\"wp-block-spacer\"><\/div>\n\n\n\n<figure class=\"wp-block-image size-large is-resized is-style-rounded is-style-rounded--2\"><img loading=\"lazy\" decoding=\"async\" width=\"768\" height=\"1024\" src=\"https:\/\/batiplatreprovence.com\/wp-content\/uploads\/2025\/02\/IMG_9471-768x1024.jpeg\" alt=\"\" class=\"wp-image-290\" style=\"object-fit:cover;width:391px;height:auto\" srcset=\"https:\/\/batiplatreprovence.com\/wp-content\/uploads\/2025\/02\/IMG_9471-768x1024.jpeg 768w, https:\/\/batiplatreprovence.com\/wp-content\/uploads\/2025\/02\/IMG_9471-225x300.jpeg 225w, https:\/\/batiplatreprovence.com\/wp-content\/uploads\/2025\/02\/IMG_9471-1152x1536.jpeg 1152w, https:\/\/batiplatreprovence.com\/wp-content\/uploads\/2025\/02\/IMG_9471-1536x2048.jpeg 1536w, https:\/\/batiplatreprovence.com\/wp-content\/uploads\/2025\/02\/IMG_9471-scaled.jpeg 1920w\" sizes=\"auto, (max-width: 768px) 100vw, 768px\" \/><\/figure>\n\n\n\n<div style=\"height:23px\" aria-hidden=\"true\" class=\"wp-block-spacer\"><\/div>\n\n\n\n<div class=\"wp-block-media-text is-stacked-on-mobile\" style=\"grid-template-columns:51% auto\"><figure class=\"wp-block-media-text__media\"><img loading=\"lazy\" decoding=\"async\" width=\"768\" height=\"1024\" src=\"https:\/\/batiplatreprovence.com\/wp-content\/uploads\/2025\/02\/IMG_9427-768x1024.jpeg\" alt=\"\" class=\"wp-image-295 size-full\" srcset=\"https:\/\/batiplatreprovence.com\/wp-content\/uploads\/2025\/02\/IMG_9427-768x1024.jpeg 768w, https:\/\/batiplatreprovence.com\/wp-content\/uploads\/2025\/02\/IMG_9427-225x300.jpeg 225w, https:\/\/batiplatreprovence.com\/wp-content\/uploads\/2025\/02\/IMG_9427-1152x1536.jpeg 1152w, https:\/\/batiplatreprovence.com\/wp-content\/uploads\/2025\/02\/IMG_9427-1536x2048.jpeg 1536w, https:\/\/batiplatreprovence.com\/wp-content\/uploads\/2025\/02\/IMG_9427-scaled.jpeg 1920w\" sizes=\"auto, (max-width: 768px) 100vw, 768px\" \/><\/figure><div class=\"wp-block-media-text__content\">\n<figure class=\"wp-block-image size-large is-resized\"><img loading=\"lazy\" decoding=\"async\" width=\"768\" height=\"1024\" src=\"https:\/\/batiplatreprovence.com\/wp-content\/uploads\/2025\/02\/IMG_9429-768x1024.jpeg\" alt=\"\" class=\"wp-image-296\" style=\"width:270px;height:auto\" srcset=\"https:\/\/batiplatreprovence.com\/wp-content\/uploads\/2025\/02\/IMG_9429-768x1024.jpeg 768w, https:\/\/batiplatreprovence.com\/wp-content\/uploads\/2025\/02\/IMG_9429-225x300.jpeg 225w, https:\/\/batiplatreprovence.com\/wp-content\/uploads\/2025\/02\/IMG_9429-1152x1536.jpeg 1152w, https:\/\/batiplatreprovence.com\/wp-content\/uploads\/2025\/02\/IMG_9429-1536x2048.jpeg 1536w, https:\/\/batiplatreprovence.com\/wp-content\/uploads\/2025\/02\/IMG_9429-scaled.jpeg 1920w\" sizes=\"auto, (max-width: 768px) 100vw, 768px\" \/><\/figure>\n<\/div><\/div>\n<\/div>\n<\/div>\n<\/div>\n\n\n\n<div class=\"wp-block-media-text alignwide is-stacked-on-mobile\" style=\"grid-template-columns:30% auto\"><figure class=\"wp-block-media-text__media\"><img loading=\"lazy\" decoding=\"async\" width=\"768\" height=\"1024\" src=\"https:\/\/batiplatreprovence.com\/wp-content\/uploads\/2025\/02\/IMG_9355-768x1024.jpeg\" alt=\"\" class=\"wp-image-300 size-full\" srcset=\"https:\/\/batiplatreprovence.com\/wp-content\/uploads\/2025\/02\/IMG_9355-768x1024.jpeg 768w, https:\/\/batiplatreprovence.com\/wp-content\/uploads\/2025\/02\/IMG_9355-225x300.jpeg 225w, https:\/\/batiplatreprovence.com\/wp-content\/uploads\/2025\/02\/IMG_9355-1152x1536.jpeg 1152w, https:\/\/batiplatreprovence.com\/wp-content\/uploads\/2025\/02\/IMG_9355-1536x2048.jpeg 1536w, https:\/\/batiplatreprovence.com\/wp-content\/uploads\/2025\/02\/IMG_9355-scaled.jpeg 1920w\" sizes=\"auto, (max-width: 768px) 100vw, 768px\" \/><\/figure><div class=\"wp-block-media-text__content\">\n<div class=\"wp-block-media-text is-stacked-on-mobile\" style=\"grid-template-columns:51% auto\"><figure class=\"wp-block-media-text__media\"><img loading=\"lazy\" decoding=\"async\" width=\"768\" height=\"1024\" src=\"https:\/\/batiplatreprovence.com\/wp-content\/uploads\/2025\/02\/IMG_9383-768x1024.jpeg\" alt=\"\" class=\"wp-image-301 size-full\" srcset=\"https:\/\/batiplatreprovence.com\/wp-content\/uploads\/2025\/02\/IMG_9383-768x1024.jpeg 768w, https:\/\/batiplatreprovence.com\/wp-content\/uploads\/2025\/02\/IMG_9383-225x300.jpeg 225w, https:\/\/batiplatreprovence.com\/wp-content\/uploads\/2025\/02\/IMG_9383-1152x1536.jpeg 1152w, https:\/\/batiplatreprovence.com\/wp-content\/uploads\/2025\/02\/IMG_9383-1536x2048.jpeg 1536w, https:\/\/batiplatreprovence.com\/wp-content\/uploads\/2025\/02\/IMG_9383-scaled.jpeg 1920w\" sizes=\"auto, (max-width: 768px) 100vw, 768px\" \/><\/figure><div class=\"wp-block-media-text__content\">\n<figure class=\"wp-block-image size-large is-resized\"><img loading=\"lazy\" decoding=\"async\" width=\"768\" height=\"1024\" src=\"https:\/\/batiplatreprovence.com\/wp-content\/uploads\/2025\/02\/IMG_9385-1-768x1024.jpeg\" alt=\"\" class=\"wp-image-305\" style=\"width:348px;height:auto\" srcset=\"https:\/\/batiplatreprovence.com\/wp-content\/uploads\/2025\/02\/IMG_9385-1-768x1024.jpeg 768w, https:\/\/batiplatreprovence.com\/wp-content\/uploads\/2025\/02\/IMG_9385-1-225x300.jpeg 225w, https:\/\/batiplatreprovence.com\/wp-content\/uploads\/2025\/02\/IMG_9385-1-1152x1536.jpeg 1152w, https:\/\/batiplatreprovence.com\/wp-content\/uploads\/2025\/02\/IMG_9385-1-1536x2048.jpeg 1536w, https:\/\/batiplatreprovence.com\/wp-content\/uploads\/2025\/02\/IMG_9385-1-scaled.jpeg 1920w\" sizes=\"auto, (max-width: 768px) 100vw, 768px\" \/><\/figure>\n<\/div><\/div>\n<\/div><\/div>\n\n\n\n<p><\/p>\n","protected":false},"excerpt":{"rendered":"<p>Retrouvez un aper\u00e7u du chantier que nous avons r\u00e9alis\u00e9 \u00e0 Carjac<\/p>\n","protected":false},"author":2,"featured_media":0,"parent":0,"menu_order":0,"comment_status":"closed","ping_status":"closed","template":"","meta":{"om_disable_all_campaigns":false,"_monsterinsights_skip_tracking":false,"_monsterinsights_sitenote_active":false,"_monsterinsights_sitenote_note":"","_monsterinsights_sitenote_category":0,"_uf_show_specific_survey":0,"_uf_disable_surveys":false,"footnotes":""},"class_list":["post-283","page","type-page","status-publish","hentry"],"aioseo_notices":[],"_links":{"self":[{"href":"https:\/\/batiplatreprovence.com\/index.php\/wp-json\/wp\/v2\/pages\/283","targetHints":{"allow":["GET"]}}],"collection":[{"href":"https:\/\/batiplatreprovence.com\/index.php\/wp-json\/wp\/v2\/pages"}],"about":[{"href":"https:\/\/batiplatreprovence.com\/index.php\/wp-json\/wp\/v2\/types\/page"}],"author":[{"embeddable":true,"href":"https:\/\/batiplatreprovence.com\/index.php\/wp-json\/wp\/v2\/users\/2"}],"replies":[{"embeddable":true,"href":"https:\/\/batiplatreprovence.com\/index.php\/wp-json\/wp\/v2\/comments?post=283"}],"version-history":[{"count":9,"href":"https:\/\/batiplatreprovence.com\/index.php\/wp-json\/wp\/v2\/pages\/283\/revisions"}],"predecessor-version":[{"id":307,"href":"https:\/\/batiplatreprovence.com\/index.php\/wp-json\/wp\/v2\/pages\/283\/revisions\/307"}],"wp:attachment":[{"href":"https:\/\/batiplatreprovence.com\/index.php\/wp-json\/wp\/v2\/media?parent=283"}],"curies":[{"name":"wp","href":"https:\/\/api.w.org\/{rel}","templated":true}]}}