{"id":48,"date":"2025-02-26T10:05:57","date_gmt":"2025-02-26T09:05:57","guid":{"rendered":"http:\/\/batiplatreprovence.com\/?page_id=48"},"modified":"2026-03-11T15:27:34","modified_gmt":"2026-03-11T14:27:34","slug":"nos-services-et-prestations","status":"publish","type":"page","link":"https:\/\/batiplatreprovence.com\/index.php\/nos-services-et-prestations\/","title":{"rendered":"Nos Services et prestations"},"content":{"rendered":"\n<h2 class=\"wp-block-heading alignwide\">Tous les services que nous r\u00e9alisons :<\/h2>\n\n\n\n<div class=\"wp-block-media-text alignwide is-stacked-on-mobile is-image-fill-element\" style=\"grid-template-columns:33% auto\"><figure class=\"wp-block-media-text__media\"><img loading=\"lazy\" decoding=\"async\" width=\"768\" height=\"1024\" src=\"http:\/\/batiplatreprovence.com\/wp-content\/uploads\/2024\/10\/cc8cdbcc-2698-40c6-b57f-c5564c3df412-2-768x1024.jpg\" alt=\"\" class=\"wp-image-135 size-full\" style=\"object-position:42% 28%\" srcset=\"https:\/\/batiplatreprovence.com\/wp-content\/uploads\/2024\/10\/cc8cdbcc-2698-40c6-b57f-c5564c3df412-2-768x1024.jpg 768w, https:\/\/batiplatreprovence.com\/wp-content\/uploads\/2024\/10\/cc8cdbcc-2698-40c6-b57f-c5564c3df412-2-225x300.jpg 225w, https:\/\/batiplatreprovence.com\/wp-content\/uploads\/2024\/10\/cc8cdbcc-2698-40c6-b57f-c5564c3df412-2-1152x1536.jpg 1152w, https:\/\/batiplatreprovence.com\/wp-content\/uploads\/2024\/10\/cc8cdbcc-2698-40c6-b57f-c5564c3df412-2.jpg 1200w\" sizes=\"auto, (max-width: 768px) 100vw, 768px\" \/><\/figure><div class=\"wp-block-media-text__content\">\n<p><strong>Application de pl\u00e2tre<\/strong> : Projection de pl\u00e2tre sur murs, plafonds, rampes d\u2019escalier, dessous d\u2019escaliers et voutes, pour une finition lisse et durable.<\/p>\n\n\n\n<p><\/p>\n<\/div><\/div>\n\n\n\n<div class=\"wp-block-media-text alignwide has-media-on-the-right is-stacked-on-mobile is-image-fill-element\" style=\"grid-template-columns:auto 33%\"><div class=\"wp-block-media-text__content\">\n<p><strong>R\u00e9alisation de cloisons s\u00e8ches<\/strong> : Montage de cloisons en briques rouges, plaques de pl\u00e2tre BA13, plaques hydrofuges, et autres mat\u00e9riaux.<\/p>\n\n\n\n<p><\/p>\n<\/div><figure class=\"wp-block-media-text__media\"><img loading=\"lazy\" decoding=\"async\" width=\"768\" height=\"1024\" src=\"http:\/\/batiplatreprovence.com\/wp-content\/uploads\/2024\/09\/WhatsApp-Image-2024-09-18-at-20.56.03-10-768x1024.jpeg\" alt=\"\" class=\"wp-image-42 size-full\" style=\"object-position:50% 42%\" srcset=\"https:\/\/batiplatreprovence.com\/wp-content\/uploads\/2024\/09\/WhatsApp-Image-2024-09-18-at-20.56.03-10-768x1024.jpeg 768w, https:\/\/batiplatreprovence.com\/wp-content\/uploads\/2024\/09\/WhatsApp-Image-2024-09-18-at-20.56.03-10-225x300.jpeg 225w, https:\/\/batiplatreprovence.com\/wp-content\/uploads\/2024\/09\/WhatsApp-Image-2024-09-18-at-20.56.03-10-1152x1536.jpeg 1152w, https:\/\/batiplatreprovence.com\/wp-content\/uploads\/2024\/09\/WhatsApp-Image-2024-09-18-at-20.56.03-10.jpeg 1536w\" sizes=\"auto, (max-width: 768px) 100vw, 768px\" \/><\/figure><\/div>\n\n\n\n<div class=\"wp-block-media-text alignwide is-stacked-on-mobile is-image-fill-element\" style=\"grid-template-columns:33% auto\"><figure class=\"wp-block-media-text__media\"><img loading=\"lazy\" decoding=\"async\" width=\"1024\" height=\"768\" src=\"http:\/\/batiplatreprovence.com\/wp-content\/uploads\/2024\/10\/c1b2ec8a-6dcd-48dd-9a8a-d51d471d911b-1024x768.jpg\" alt=\"\" class=\"wp-image-83 size-full\" style=\"object-position:53% 45%\" srcset=\"https:\/\/batiplatreprovence.com\/wp-content\/uploads\/2024\/10\/c1b2ec8a-6dcd-48dd-9a8a-d51d471d911b-1024x768.jpg 1024w, https:\/\/batiplatreprovence.com\/wp-content\/uploads\/2024\/10\/c1b2ec8a-6dcd-48dd-9a8a-d51d471d911b-300x225.jpg 300w, https:\/\/batiplatreprovence.com\/wp-content\/uploads\/2024\/10\/c1b2ec8a-6dcd-48dd-9a8a-d51d471d911b-768x576.jpg 768w, https:\/\/batiplatreprovence.com\/wp-content\/uploads\/2024\/10\/c1b2ec8a-6dcd-48dd-9a8a-d51d471d911b-1536x1152.jpg 1536w, https:\/\/batiplatreprovence.com\/wp-content\/uploads\/2024\/10\/c1b2ec8a-6dcd-48dd-9a8a-d51d471d911b.jpg 2048w\" sizes=\"auto, (max-width: 1024px) 100vw, 1024px\" \/><\/figure><div class=\"wp-block-media-text__content\">\n<p><strong>Faux plafonds<\/strong> : Conception et installation de faux plafonds en pl\u00e2tre avec lattis Nergalto (support d&#8217;enduits), pour cr\u00e9er des puits de lumi\u00e8re ou autres.<\/p>\n\n\n\n<p><\/p>\n<\/div><\/div>\n\n\n\n<div class=\"wp-block-media-text alignwide has-media-on-the-right is-stacked-on-mobile is-image-fill-element\" style=\"grid-template-columns:auto 33%\"><div class=\"wp-block-media-text__content\">\n<p><strong>Moulures et corniches<\/strong> : Fabrication et pose de moulures, corniches, rosaces de plafond, et autres \u00e9l\u00e9ments d\u00e9coratifs.<\/p>\n\n\n\n<p><\/p>\n<\/div><figure class=\"wp-block-media-text__media\"><img loading=\"lazy\" decoding=\"async\" width=\"1024\" height=\"768\" src=\"https:\/\/batiplatreprovence.com\/wp-content\/uploads\/2025\/02\/29-1024x768.jpg\" alt=\"\" class=\"wp-image-223 size-full\" style=\"object-position:57% 28%\" srcset=\"https:\/\/batiplatreprovence.com\/wp-content\/uploads\/2025\/02\/29-1024x768.jpg 1024w, https:\/\/batiplatreprovence.com\/wp-content\/uploads\/2025\/02\/29-300x225.jpg 300w, https:\/\/batiplatreprovence.com\/wp-content\/uploads\/2025\/02\/29-768x576.jpg 768w, https:\/\/batiplatreprovence.com\/wp-content\/uploads\/2025\/02\/29-1536x1152.jpg 1536w, https:\/\/batiplatreprovence.com\/wp-content\/uploads\/2025\/02\/29-2048x1536.jpg 2048w\" sizes=\"auto, (max-width: 1024px) 100vw, 1024px\" \/><\/figure><\/div>\n\n\n\n<div class=\"wp-block-media-text alignwide is-stacked-on-mobile is-image-fill-element\" style=\"grid-template-columns:33% auto\"><figure class=\"wp-block-media-text__media\"><img loading=\"lazy\" decoding=\"async\" width=\"768\" height=\"1024\" src=\"https:\/\/batiplatreprovence.com\/wp-content\/uploads\/2025\/02\/3b39c7dc-251c-494e-92d7-5e1e4fea6e98-2-768x1024.jpg\" alt=\"\" class=\"wp-image-255 size-full\" style=\"object-position:51% 42%\" srcset=\"https:\/\/batiplatreprovence.com\/wp-content\/uploads\/2025\/02\/3b39c7dc-251c-494e-92d7-5e1e4fea6e98-2-768x1024.jpg 768w, https:\/\/batiplatreprovence.com\/wp-content\/uploads\/2025\/02\/3b39c7dc-251c-494e-92d7-5e1e4fea6e98-2-225x300.jpg 225w, https:\/\/batiplatreprovence.com\/wp-content\/uploads\/2025\/02\/3b39c7dc-251c-494e-92d7-5e1e4fea6e98-2-1152x1536.jpg 1152w, https:\/\/batiplatreprovence.com\/wp-content\/uploads\/2025\/02\/3b39c7dc-251c-494e-92d7-5e1e4fea6e98-2.jpg 1536w\" sizes=\"auto, (max-width: 768px) 100vw, 768px\" \/><\/figure><div class=\"wp-block-media-text__content\">\n<p><strong>Isolation<\/strong> : Pose de mat\u00e9riaux isolants (thermiques et acoustiques) dans les murs et plafonds pour am\u00e9liorer la performance \u00e9nerg\u00e9tique et l\u2019isolation phonique.<\/p>\n\n\n\n<p><\/p>\n<\/div><\/div>\n\n\n\n<div class=\"wp-block-media-text alignwide has-media-on-the-right is-stacked-on-mobile is-image-fill-element\" style=\"grid-template-columns:auto 33%\"><div class=\"wp-block-media-text__content\">\n<p><strong>R\u00e9novation<\/strong>  : Restauration et r\u00e9paration de plafonds en pl\u00e2tre<br>traditionnels tels que les plafonds \u00e0 la fran\u00e7aise ou les rosaces, tout en conservant leur aspect authentique.<\/p>\n\n\n\n<p><\/p>\n<\/div><figure class=\"wp-block-media-text__media\"><img loading=\"lazy\" decoding=\"async\" width=\"480\" height=\"640\" src=\"https:\/\/batiplatreprovence.com\/wp-content\/uploads\/2025\/02\/3-rotated.jpg\" alt=\"\" class=\"wp-image-226 size-full\" style=\"object-position:49% 55%\" srcset=\"https:\/\/batiplatreprovence.com\/wp-content\/uploads\/2025\/02\/3-rotated.jpg 480w, https:\/\/batiplatreprovence.com\/wp-content\/uploads\/2025\/02\/3-225x300.jpg 225w\" sizes=\"auto, (max-width: 480px) 100vw, 480px\" \/><\/figure><\/div>\n\n\n\n<div class=\"wp-block-buttons is-content-justification-center is-layout-flex wp-container-core-buttons-is-layout-a89b3969 wp-block-buttons-is-layout-flex\">\n<div class=\"wp-block-button is-style-outline is-style-outline--1\"><a class=\"wp-block-button__link has-base-2-background-color has-background has-border-color has-text-align-center has-custom-font-size wp-element-button\" href=\"https:\/\/batiplatreprovence.com\/index.php\/contactez-nous\/\" style=\"border-color:#eb4b1a;border-width:2px;border-radius:100px;font-size:clamp(14px, 0.875rem + ((1vw - 3.2px) * 0.417), 18px);\">Contactez-nous !<\/a><\/div>\n<\/div>\n\n\n\n<p><\/p>\n","protected":false},"excerpt":{"rendered":"<p>Tous les services que nous r\u00e9alisons : Application de pl\u00e2tre : Projection de pl\u00e2tre sur murs, plafonds, rampes d\u2019escalier, dessous d\u2019escaliers et voutes, pour une finition lisse et durable. R\u00e9alisation de cloisons s\u00e8ches : Montage de cloisons en briques rouges, plaques de pl\u00e2tre BA13, plaques hydrofuges, et autres mat\u00e9riaux. Faux plafonds : Conception et installation [&hellip;]<\/p>\n","protected":false},"author":2,"featured_media":0,"parent":0,"menu_order":0,"comment_status":"closed","ping_status":"closed","template":"","meta":{"om_disable_all_campaigns":false,"_monsterinsights_skip_tracking":false,"_monsterinsights_sitenote_active":false,"_monsterinsights_sitenote_note":"","_monsterinsights_sitenote_category":0,"_uf_show_specific_survey":0,"_uf_disable_surveys":false,"footnotes":""},"class_list":["post-48","page","type-page","status-publish","hentry"],"aioseo_notices":[],"_links":{"self":[{"href":"https:\/\/batiplatreprovence.com\/index.php\/wp-json\/wp\/v2\/pages\/48","targetHints":{"allow":["GET"]}}],"collection":[{"href":"https:\/\/batiplatreprovence.com\/index.php\/wp-json\/wp\/v2\/pages"}],"about":[{"href":"https:\/\/batiplatreprovence.com\/index.php\/wp-json\/wp\/v2\/types\/page"}],"author":[{"embeddable":true,"href":"https:\/\/batiplatreprovence.com\/index.php\/wp-json\/wp\/v2\/users\/2"}],"replies":[{"embeddable":true,"href":"https:\/\/batiplatreprovence.com\/index.php\/wp-json\/wp\/v2\/comments?post=48"}],"version-history":[{"count":17,"href":"https:\/\/batiplatreprovence.com\/index.php\/wp-json\/wp\/v2\/pages\/48\/revisions"}],"predecessor-version":[{"id":445,"href":"https:\/\/batiplatreprovence.com\/index.php\/wp-json\/wp\/v2\/pages\/48\/revisions\/445"}],"wp:attachment":[{"href":"https:\/\/batiplatreprovence.com\/index.php\/wp-json\/wp\/v2\/media?parent=48"}],"curies":[{"name":"wp","href":"https:\/\/api.w.org\/{rel}","templated":true}]}}