{"id":80,"date":"2024-10-11T11:35:01","date_gmt":"2024-10-11T09:35:01","guid":{"rendered":"http:\/\/batiplatreprovence.com\/?page_id=80"},"modified":"2025-02-26T17:59:16","modified_gmt":"2025-02-26T16:59:16","slug":"galeries-des-chantiers","status":"publish","type":"page","link":"https:\/\/batiplatreprovence.com\/index.php\/galeries-des-chantiers\/","title":{"rendered":"Galeries photo des chantiers"},"content":{"rendered":"\n<div class=\"wp-block-cover alignfull has-parallax\" style=\"min-height:363px;aspect-ratio:unset;\"><span aria-hidden=\"true\" class=\"wp-block-cover__background has-background-dim-20 has-background-dim\" style=\"background-color:#867b67\"><\/span><div class=\"wp-block-cover__image-background wp-image-88 has-parallax\" style=\"background-position:50% 50%;background-image:url(http:\/\/batiplatreprovence.com\/wp-content\/uploads\/2024\/10\/3978c9d7-1cf5-4111-a041-53831e755e2b.jpg)\"><\/div><div class=\"wp-block-cover__inner-container has-global-padding is-layout-constrained wp-block-cover-is-layout-constrained\">\n<p class=\"has-text-align-left\" style=\"font-size:clamp(1.092rem, 1.092rem + ((1vw - 0.2rem) * 1.013), 1.7rem);\"><strong>Voici en images les diff\u00e9rents chantiers que nous avons r\u00e9alis\u00e9s.<\/strong><\/p>\n\n\n\n<div class=\"wp-block-group alignfull has-global-padding is-layout-constrained wp-block-group-is-layout-constrained\">\n<div style=\"height:122px\" aria-hidden=\"true\" class=\"wp-block-spacer\"><\/div>\n<\/div>\n<\/div><\/div>\n\n\n\n<hr class=\"wp-block-separator has-alpha-channel-opacity\"\/>\n\n\n\n<div class=\"wp-block-columns is-layout-flex wp-container-core-columns-is-layout-28f84493 wp-block-columns-is-layout-flex\">\n<div class=\"wp-block-column is-layout-flow wp-block-column-is-layout-flow\" style=\"flex-basis:100%\">\n<div style=\"height:16px\" aria-hidden=\"true\" class=\"wp-block-spacer\"><\/div>\n\n\n\n<p>Cliquez sur les images pour voir les chantiers *<\/p>\n<\/div>\n<\/div>\n\n\n\n<div class=\"wp-block-media-text alignwide is-stacked-on-mobile is-image-fill-element\" style=\"grid-template-columns:47% auto\"><figure class=\"wp-block-media-text__media\"><a href=\"https:\/\/batiplatreprovence.com\/index.php\/le-chantier-du-lot\/\"><img loading=\"lazy\" decoding=\"async\" width=\"1024\" height=\"768\" src=\"https:\/\/batiplatreprovence.com\/wp-content\/uploads\/2025\/02\/53b82cbd-a029-4ecf-9279-5ffed9e27c2e-1024x768.jpg\" alt=\"\" class=\"wp-image-250 size-full\" style=\"object-position:50% 50%\" srcset=\"https:\/\/batiplatreprovence.com\/wp-content\/uploads\/2025\/02\/53b82cbd-a029-4ecf-9279-5ffed9e27c2e-1024x768.jpg 1024w, https:\/\/batiplatreprovence.com\/wp-content\/uploads\/2025\/02\/53b82cbd-a029-4ecf-9279-5ffed9e27c2e-300x225.jpg 300w, https:\/\/batiplatreprovence.com\/wp-content\/uploads\/2025\/02\/53b82cbd-a029-4ecf-9279-5ffed9e27c2e-768x576.jpg 768w, https:\/\/batiplatreprovence.com\/wp-content\/uploads\/2025\/02\/53b82cbd-a029-4ecf-9279-5ffed9e27c2e-1536x1152.jpg 1536w, https:\/\/batiplatreprovence.com\/wp-content\/uploads\/2025\/02\/53b82cbd-a029-4ecf-9279-5ffed9e27c2e.jpg 2048w\" sizes=\"auto, (max-width: 1024px) 100vw, 1024px\" \/><\/a><\/figure><div class=\"wp-block-media-text__content\">\n<p style=\"font-size:clamp(0.875rem, 0.875rem + ((1vw - 0.2rem) * 0.708), 1.3rem);\"><strong>Chantier dans le Lot<\/strong><\/p>\n<\/div><\/div>\n\n\n\n<div class=\"wp-block-media-text alignwide is-stacked-on-mobile is-image-fill-element\" style=\"grid-template-columns:47% auto\"><figure class=\"wp-block-media-text__media\"><a href=\"https:\/\/batiplatreprovence.com\/index.php\/chantier-realise-nimes\/\"><img loading=\"lazy\" decoding=\"async\" width=\"768\" height=\"1024\" src=\"https:\/\/batiplatreprovence.com\/wp-content\/uploads\/2025\/02\/IMG_6155-2-768x1024.jpeg\" alt=\"\" class=\"wp-image-375 size-full\" style=\"object-position:50% 50%\" srcset=\"https:\/\/batiplatreprovence.com\/wp-content\/uploads\/2025\/02\/IMG_6155-2-768x1024.jpeg 768w, https:\/\/batiplatreprovence.com\/wp-content\/uploads\/2025\/02\/IMG_6155-2-225x300.jpeg 225w, https:\/\/batiplatreprovence.com\/wp-content\/uploads\/2025\/02\/IMG_6155-2-1152x1536.jpeg 1152w, https:\/\/batiplatreprovence.com\/wp-content\/uploads\/2025\/02\/IMG_6155-2-1536x2048.jpeg 1536w, https:\/\/batiplatreprovence.com\/wp-content\/uploads\/2025\/02\/IMG_6155-2-scaled.jpeg 1920w\" sizes=\"auto, (max-width: 768px) 100vw, 768px\" \/><\/a><\/figure><div class=\"wp-block-media-text__content\">\n<p style=\"font-size:clamp(0.875rem, 0.875rem + ((1vw - 0.2rem) * 0.708), 1.3rem);\"><strong>Chantier de la Cadi\u00e8re-d&#8217;Azure<\/strong><\/p>\n<\/div><\/div>\n\n\n\n<div class=\"wp-block-media-text alignwide is-stacked-on-mobile is-image-fill-element\" style=\"grid-template-columns:47% auto\"><figure class=\"wp-block-media-text__media\"><img loading=\"lazy\" decoding=\"async\" width=\"1024\" height=\"768\" src=\"https:\/\/batiplatreprovence.com\/wp-content\/uploads\/2025\/02\/IMG_0615-4-1024x768.jpeg\" alt=\"\" class=\"wp-image-411 size-full\" style=\"object-position:57% 48%\" srcset=\"https:\/\/batiplatreprovence.com\/wp-content\/uploads\/2025\/02\/IMG_0615-4-1024x768.jpeg 1024w, https:\/\/batiplatreprovence.com\/wp-content\/uploads\/2025\/02\/IMG_0615-4-300x225.jpeg 300w, https:\/\/batiplatreprovence.com\/wp-content\/uploads\/2025\/02\/IMG_0615-4-768x576.jpeg 768w, https:\/\/batiplatreprovence.com\/wp-content\/uploads\/2025\/02\/IMG_0615-4-1536x1152.jpeg 1536w, https:\/\/batiplatreprovence.com\/wp-content\/uploads\/2025\/02\/IMG_0615-4-2048x1536.jpeg 2048w\" sizes=\"auto, (max-width: 1024px) 100vw, 1024px\" \/><\/figure><div class=\"wp-block-media-text__content\">\n<p style=\"font-size:clamp(0.875rem, 0.875rem + ((1vw - 0.2rem) * 0.708), 1.3rem);\"><strong>Chantier d&#8217;Embrun<\/strong><\/p>\n<\/div><\/div>\n\n\n\n<div class=\"wp-block-media-text alignwide is-stacked-on-mobile is-image-fill-element\" style=\"grid-template-columns:47% auto\"><figure class=\"wp-block-media-text__media\"><a href=\"https:\/\/batiplatreprovence.com\/index.php\/chantier-de-carjac\/\"><img loading=\"lazy\" decoding=\"async\" width=\"768\" height=\"1024\" src=\"https:\/\/batiplatreprovence.com\/wp-content\/uploads\/2025\/02\/IMG_9444-768x1024.jpeg\" alt=\"\" class=\"wp-image-247 size-full\" style=\"object-position:56% 49%\" srcset=\"https:\/\/batiplatreprovence.com\/wp-content\/uploads\/2025\/02\/IMG_9444-768x1024.jpeg 768w, https:\/\/batiplatreprovence.com\/wp-content\/uploads\/2025\/02\/IMG_9444-225x300.jpeg 225w, https:\/\/batiplatreprovence.com\/wp-content\/uploads\/2025\/02\/IMG_9444-1152x1536.jpeg 1152w, https:\/\/batiplatreprovence.com\/wp-content\/uploads\/2025\/02\/IMG_9444-1536x2048.jpeg 1536w, https:\/\/batiplatreprovence.com\/wp-content\/uploads\/2025\/02\/IMG_9444-scaled.jpeg 1920w\" sizes=\"auto, (max-width: 768px) 100vw, 768px\" \/><\/a><\/figure><div class=\"wp-block-media-text__content\">\n<p style=\"font-size:clamp(0.875rem, 0.875rem + ((1vw - 0.2rem) * 0.708), 1.3rem);\"><strong>Chantier de Carjac<\/strong><\/p>\n<\/div><\/div>\n\n\n\n<div class=\"wp-block-media-text alignwide is-stacked-on-mobile is-image-fill-element\" style=\"grid-template-columns:47% auto\"><figure class=\"wp-block-media-text__media\"><a href=\"https:\/\/batiplatreprovence.com\/index.php\/chantier-marseille\/\"><img loading=\"lazy\" decoding=\"async\" width=\"1024\" height=\"768\" src=\"https:\/\/batiplatreprovence.com\/wp-content\/uploads\/2025\/02\/IMG_0627-1-1024x768.jpeg\" alt=\"\" class=\"wp-image-251 size-full\" style=\"object-position:51% 38%\" srcset=\"https:\/\/batiplatreprovence.com\/wp-content\/uploads\/2025\/02\/IMG_0627-1-1024x768.jpeg 1024w, https:\/\/batiplatreprovence.com\/wp-content\/uploads\/2025\/02\/IMG_0627-1-300x225.jpeg 300w, https:\/\/batiplatreprovence.com\/wp-content\/uploads\/2025\/02\/IMG_0627-1-768x576.jpeg 768w, https:\/\/batiplatreprovence.com\/wp-content\/uploads\/2025\/02\/IMG_0627-1-1536x1152.jpeg 1536w, https:\/\/batiplatreprovence.com\/wp-content\/uploads\/2025\/02\/IMG_0627-1-2048x1536.jpeg 2048w\" sizes=\"auto, (max-width: 1024px) 100vw, 1024px\" \/><\/a><\/figure><div class=\"wp-block-media-text__content\">\n<p style=\"font-size:clamp(0.875rem, 0.875rem + ((1vw - 0.2rem) * 0.708), 1.3rem);\"><strong>Chantier d<\/strong>&#8216;<strong>embrun<\/strong><\/p>\n<\/div><\/div>\n\n\n\n<div class=\"wp-block-media-text alignwide is-stacked-on-mobile is-image-fill-element\" style=\"grid-template-columns:47% auto\"><figure class=\"wp-block-media-text__media\"><a href=\"https:\/\/batiplatreprovence.com\/index.php\/chantier-realise-nimes\/\"><img loading=\"lazy\" decoding=\"async\" width=\"768\" height=\"1024\" src=\"http:\/\/batiplatreprovence.com\/wp-content\/uploads\/2025\/01\/1672902430088-1-768x1024.jpg\" alt=\"\" class=\"wp-image-177 size-full\" style=\"object-position:54% 35%\" srcset=\"https:\/\/batiplatreprovence.com\/wp-content\/uploads\/2025\/01\/1672902430088-1-768x1024.jpg 768w, https:\/\/batiplatreprovence.com\/wp-content\/uploads\/2025\/01\/1672902430088-1-225x300.jpg 225w, https:\/\/batiplatreprovence.com\/wp-content\/uploads\/2025\/01\/1672902430088-1.jpg 1108w\" sizes=\"auto, (max-width: 768px) 100vw, 768px\" \/><\/a><\/figure><div class=\"wp-block-media-text__content\">\n<p style=\"font-size:clamp(0.875rem, 0.875rem + ((1vw - 0.2rem) * 0.708), 1.3rem);\"><strong>Chantier de N\u00eemes<\/strong><\/p>\n<\/div><\/div>\n\n\n\n<div class=\"wp-block-media-text alignwide is-stacked-on-mobile is-image-fill-element\" style=\"grid-template-columns:47% auto\"><figure class=\"wp-block-media-text__media\"><a href=\"https:\/\/batiplatreprovence.com\/index.php\/chantier-realise-a-la-reillanne\/\"><img loading=\"lazy\" decoding=\"async\" width=\"768\" height=\"1024\" src=\"https:\/\/batiplatreprovence.com\/wp-content\/uploads\/2025\/02\/IMG_8217-768x1024.jpeg\" alt=\"\" class=\"wp-image-419 size-full\" style=\"object-position:56% 62%\" srcset=\"https:\/\/batiplatreprovence.com\/wp-content\/uploads\/2025\/02\/IMG_8217-768x1024.jpeg 768w, https:\/\/batiplatreprovence.com\/wp-content\/uploads\/2025\/02\/IMG_8217-225x300.jpeg 225w, https:\/\/batiplatreprovence.com\/wp-content\/uploads\/2025\/02\/IMG_8217-1152x1536.jpeg 1152w, https:\/\/batiplatreprovence.com\/wp-content\/uploads\/2025\/02\/IMG_8217-1536x2048.jpeg 1536w, https:\/\/batiplatreprovence.com\/wp-content\/uploads\/2025\/02\/IMG_8217-scaled.jpeg 1920w\" sizes=\"auto, (max-width: 768px) 100vw, 768px\" \/><\/a><\/figure><div class=\"wp-block-media-text__content\">\n<p style=\"font-size:clamp(0.875rem, 0.875rem + ((1vw - 0.2rem) * 0.708), 1.3rem);\"><strong>Chantier \u00e0 la R\u00e9illanne<\/strong><\/p>\n<\/div><\/div>\n\n\n\n<p><\/p>\n","protected":false},"excerpt":{"rendered":"<p>Cliquez sur les images pour voir les chantiers * Chantier dans le Lot Chantier de la Cadi\u00e8re-d&#8217;Azure Chantier d&#8217;Embrun Chantier de Carjac Chantier d&#8216;embrun Chantier de N\u00eemes Chantier \u00e0 la R\u00e9illanne<\/p>\n","protected":false},"author":2,"featured_media":0,"parent":0,"menu_order":0,"comment_status":"closed","ping_status":"closed","template":"","meta":{"om_disable_all_campaigns":false,"_monsterinsights_skip_tracking":false,"_monsterinsights_sitenote_active":false,"_monsterinsights_sitenote_note":"","_monsterinsights_sitenote_category":0,"_uf_show_specific_survey":0,"_uf_disable_surveys":false,"footnotes":""},"class_list":["post-80","page","type-page","status-publish","hentry"],"aioseo_notices":[],"_links":{"self":[{"href":"https:\/\/batiplatreprovence.com\/index.php\/wp-json\/wp\/v2\/pages\/80","targetHints":{"allow":["GET"]}}],"collection":[{"href":"https:\/\/batiplatreprovence.com\/index.php\/wp-json\/wp\/v2\/pages"}],"about":[{"href":"https:\/\/batiplatreprovence.com\/index.php\/wp-json\/wp\/v2\/types\/page"}],"author":[{"embeddable":true,"href":"https:\/\/batiplatreprovence.com\/index.php\/wp-json\/wp\/v2\/users\/2"}],"replies":[{"embeddable":true,"href":"https:\/\/batiplatreprovence.com\/index.php\/wp-json\/wp\/v2\/comments?post=80"}],"version-history":[{"count":37,"href":"https:\/\/batiplatreprovence.com\/index.php\/wp-json\/wp\/v2\/pages\/80\/revisions"}],"predecessor-version":[{"id":425,"href":"https:\/\/batiplatreprovence.com\/index.php\/wp-json\/wp\/v2\/pages\/80\/revisions\/425"}],"wp:attachment":[{"href":"https:\/\/batiplatreprovence.com\/index.php\/wp-json\/wp\/v2\/media?parent=80"}],"curies":[{"name":"wp","href":"https:\/\/api.w.org\/{rel}","templated":true}]}}